{"id":25,"date":"2020-02-13T13:17:50","date_gmt":"2020-02-13T18:17:50","guid":{"rendered":"https:\/\/sites.generatepress.com\/vinyasa\/?page_id=25"},"modified":"2026-02-16T18:17:47","modified_gmt":"2026-02-16T17:17:47","slug":"medarbetarpaket","status":"publish","type":"page","link":"https:\/\/omvarldsbevakningsportalen.regionkronoberg.se\/medarbetarpaket\/","title":{"rendered":"Medarbetarpaket"},"content":{"rendered":"\n<div class=\"gb-element-a9295627\">\n<div class=\"gb-element-0891c2ab\">\n<h1 class=\"gb-text gb-text-95a42da8 mbp-page-title\">V\u00e4lkommen till v\u00e5ra medarbetarpaket<\/h1>\n\n\n\n<div class=\"gb-element-daf56077\">\n<div style=\"height:75px\" aria-hidden=\"true\" class=\"wp-block-spacer\"><\/div>\n<\/div>\n<\/div>\n\n\n\n<div style=\"height:75px\" aria-hidden=\"true\" class=\"wp-block-spacer\"><\/div>\n<\/div>\n\n\n\n<div style=\"height:100px\" aria-hidden=\"true\" class=\"wp-block-spacer\"><\/div>\n\n\n\n<div class=\"gb-element-f980454a\">\n<div class=\"gb-element-67e56878\">\n<div class=\"gb-element-4a2a1869\">\n<h4 class=\"gb-text-ebdca40d\"><span class=\"gb-shape\"><svg xmlns=\"http:\/\/www.w3.org\/2000\/svg\" viewBox=\"0 0 60 55.473\"><path d=\"M59.449 46.711c-2.358-2.837-5.267-5.062-8.69-6.356.32-.303.628-.604.967-.958a.932.932 0 10-1.348-1.288c-4.365 4.569-10.625 7.698-17.936 8.37 2.004-1.915 3.784-4.026 5.34-6.491l8.604-9.714a.932.932 0 10-1.396-1.236l-4.192 4.732a28.633 28.633 0 001.001-15.456c4.796-2.408 10.382-3.45 16.244-3.026.445 6.156-.724 12.004-3.396 16.959a.933.933 0 001.641.885c2.96-5.488 4.187-11.987 3.547-18.796a.932.932 0 00-.841-.841 35.823 35.823 0 00-8.781.235c-.505-3.288-1.524-6.568-3.038-9.762a.932.932 0 00-1.078-.503c-3.307.865-6.38 2.135-9.15 3.779-1.783-2.56-3.971-4.922-6.516-7.03a.932.932 0 00-1.19 0c-2.543 2.106-4.731 4.468-6.516 7.03-2.77-1.644-5.843-2.914-9.149-3.778a.933.933 0 00-1.078.503c-1.506 3.177-2.523 6.438-3.03 9.71a35.947 35.947 0 00-8.461-.183.932.932 0 00-.841.841c-.916 9.764 1.976 19.24 8.984 25.931-3.268 1.189-6.349 3.335-8.935 6.456a.932.932 0 000 1.19c8.166 9.855 21.281 10.011 29.622.825 8.617 9.496 21.868 8.702 29.621-.822.272-.301.306-.835-.009-1.206zM48.378 14.066a30.78 30.78 0 00-7.036 2.393 30.255 30.255 0 00-3.372-7.654c2.39-1.41 5.022-2.528 7.846-3.33 1.266 2.823 2.124 5.706 2.562 8.591zM29.837 2.154c13.894 12.014 14.369 30.864.954 43.321-.034.032-.022 1.314-.022-22.165a.932.932 0 10-1.864 0c0 23.85.011 22.195-.022 22.163-13.075-12.122-13.256-31.03.954-43.319zM13.858 5.475c2.824.802 5.456 1.92 7.846 3.33a30.334 30.334 0 00-3.332 7.516 30.913 30.913 0 00-7.065-2.325c.441-2.863 1.296-5.722 2.551-8.521zm-11.9 9.813c5.578-.403 11.05.492 15.948 2.879-1.103 5.055-.857 10.362.983 15.618l-4.205-4.748a.932.932 0 10-1.396 1.236l8.615 9.725a34.125 34.125 0 005.292 6.444C11.778 44.85.72 32.348 1.958 15.288zm24.334 34.266C19.012 55.55 8.97 54.97 2.161 47.319c2.325-2.613 5.237-4.626 8.605-5.621 4.851 3.977 10.729 6.136 16.855 6.659-.496.487-.87.814-1.329 1.197zm5.79-1.173c6.179-.473 12.141-2.607 17.065-6.61 3.265 1.016 6.093 2.992 8.365 5.547-7.131 8.012-17.971 8.372-25.43 1.063z\"><\/path><path d=\"M52.829 35.16l-.135.187a.933.933 0 001.508 1.098l.144-.2a.932.932 0 10-1.517-1.085zM29.837 18.648a.932.932 0 00.932-.932v-3.73a.932.932 0 10-1.864 0v3.73c0 .514.417.932.932.932zM50.584 22.721l-3.277 3.7a.932.932 0 101.396 1.236l3.277-3.7a.932.932 0 10-1.396-1.236zM11.669 27.972c.797 0 1.23-.949.698-1.551l-3.277-3.7a.933.933 0 00-1.396 1.236l3.277 3.7a.93.93 0 00.698.315z\"><\/path><\/svg><\/span><span class=\"gb-text\">\u201cV\u00e5ra omv\u00e4rldsbevakningspaket inneh\u00e5ller allt du beh\u00f6ver f\u00f6r att h\u00e5lla dig uppdaterad, samlat p\u00e5 en och samma sida.\u201d<\/span><\/h4>\n<\/div>\n<\/div>\n<\/div>\n\n\n\n<div style=\"height:100px\" aria-hidden=\"true\" class=\"wp-block-spacer\"><\/div>\n\n\n\n<p><\/p>\n","protected":false},"excerpt":{"rendered":"<p>V\u00e4lkommen till v\u00e5ra medarbetarpaket \u201cV\u00e5ra omv\u00e4rldsbevakningspaket inneh\u00e5ller allt du beh\u00f6ver f\u00f6r att h\u00e5lla dig uppdaterad, samlat p\u00e5 en och samma sida.\u201d<\/p>\n","protected":false},"author":3,"featured_media":0,"parent":0,"menu_order":0,"comment_status":"closed","ping_status":"closed","template":"","meta":{"iawp_total_views":227,"footnotes":""},"class_list":["post-25","page","type-page","status-publish"],"yoast_head":"<!-- This site is optimized with the Yoast SEO plugin v27.4 - https:\/\/yoast.com\/product\/yoast-seo-wordpress\/ -->\n<title>Medarbetarpaket -<\/title>\n<meta name=\"robots\" content=\"index, follow, max-snippet:-1, max-image-preview:large, max-video-preview:-1\" \/>\n<link rel=\"canonical\" href=\"https:\/\/omvarldsbevakningsportalen.regionkronoberg.se\/medarbetarpaket\/\" \/>\n<meta property=\"og:locale\" content=\"sv_SE\" \/>\n<meta property=\"og:type\" content=\"article\" \/>\n<meta property=\"og:title\" content=\"Medarbetarpaket -\" \/>\n<meta property=\"og:description\" content=\"V\u00e4lkommen till v\u00e5ra medarbetarpaket \u201cV\u00e5ra omv\u00e4rldsbevakningspaket inneh\u00e5ller allt du beh\u00f6ver f\u00f6r att h\u00e5lla dig uppdaterad, samlat p\u00e5 en och samma sida.\u201d\" \/>\n<meta property=\"og:url\" content=\"https:\/\/omvarldsbevakningsportalen.regionkronoberg.se\/medarbetarpaket\/\" \/>\n<meta property=\"article:modified_time\" content=\"2026-02-16T17:17:47+00:00\" \/>\n<meta name=\"twitter:card\" content=\"summary_large_image\" \/>\n<script type=\"application\/ld+json\" class=\"yoast-schema-graph\">{\"@context\":\"https:\\\/\\\/schema.org\",\"@graph\":[{\"@type\":\"WebPage\",\"@id\":\"https:\\\/\\\/omvarldsbevakningsportalen.regionkronoberg.se\\\/medarbetarpaket\\\/\",\"url\":\"https:\\\/\\\/omvarldsbevakningsportalen.regionkronoberg.se\\\/medarbetarpaket\\\/\",\"name\":\"Medarbetarpaket -\",\"isPartOf\":{\"@id\":\"https:\\\/\\\/omvarldsbevakningsportalen.regionkronoberg.se\\\/medarbetarpaket\\\/#website\"},\"datePublished\":\"2020-02-13T18:17:50+00:00\",\"dateModified\":\"2026-02-16T17:17:47+00:00\",\"breadcrumb\":{\"@id\":\"https:\\\/\\\/omvarldsbevakningsportalen.regionkronoberg.se\\\/medarbetarpaket\\\/#breadcrumb\"},\"inLanguage\":\"sv-SE\",\"potentialAction\":[{\"@type\":\"ReadAction\",\"target\":[\"https:\\\/\\\/omvarldsbevakningsportalen.regionkronoberg.se\\\/medarbetarpaket\\\/\"]}]},{\"@type\":\"BreadcrumbList\",\"@id\":\"https:\\\/\\\/omvarldsbevakningsportalen.regionkronoberg.se\\\/medarbetarpaket\\\/#breadcrumb\",\"itemListElement\":[{\"@type\":\"ListItem\",\"position\":1,\"name\":\"Hem\",\"item\":\"https:\\\/\\\/omvarldsbevakningsportalen.regionkronoberg.se\\\/medarbetarpaket\\\/\"},{\"@type\":\"ListItem\",\"position\":2,\"name\":\"Medarbetarpaket\"}]},{\"@type\":\"WebSite\",\"@id\":\"https:\\\/\\\/omvarldsbevakningsportalen.regionkronoberg.se\\\/medarbetarpaket\\\/#website\",\"url\":\"https:\\\/\\\/omvarldsbevakningsportalen.regionkronoberg.se\\\/medarbetarpaket\\\/\",\"name\":\"\",\"description\":\"\",\"potentialAction\":[{\"@type\":\"SearchAction\",\"target\":{\"@type\":\"EntryPoint\",\"urlTemplate\":\"https:\\\/\\\/omvarldsbevakningsportalen.regionkronoberg.se\\\/medarbetarpaket\\\/?s={search_term_string}\"},\"query-input\":{\"@type\":\"PropertyValueSpecification\",\"valueRequired\":true,\"valueName\":\"search_term_string\"}}],\"inLanguage\":\"sv-SE\"}]}<\/script>\n<!-- \/ Yoast SEO plugin. -->","yoast_head_json":{"title":"Medarbetarpaket -","robots":{"index":"index","follow":"follow","max-snippet":"max-snippet:-1","max-image-preview":"max-image-preview:large","max-video-preview":"max-video-preview:-1"},"canonical":"https:\/\/omvarldsbevakningsportalen.regionkronoberg.se\/medarbetarpaket\/","og_locale":"sv_SE","og_type":"article","og_title":"Medarbetarpaket -","og_description":"V\u00e4lkommen till v\u00e5ra medarbetarpaket \u201cV\u00e5ra omv\u00e4rldsbevakningspaket inneh\u00e5ller allt du beh\u00f6ver f\u00f6r att h\u00e5lla dig uppdaterad, samlat p\u00e5 en och samma sida.\u201d","og_url":"https:\/\/omvarldsbevakningsportalen.regionkronoberg.se\/medarbetarpaket\/","article_modified_time":"2026-02-16T17:17:47+00:00","twitter_card":"summary_large_image","schema":{"@context":"https:\/\/schema.org","@graph":[{"@type":"WebPage","@id":"https:\/\/omvarldsbevakningsportalen.regionkronoberg.se\/medarbetarpaket\/","url":"https:\/\/omvarldsbevakningsportalen.regionkronoberg.se\/medarbetarpaket\/","name":"Medarbetarpaket -","isPartOf":{"@id":"https:\/\/omvarldsbevakningsportalen.regionkronoberg.se\/medarbetarpaket\/#website"},"datePublished":"2020-02-13T18:17:50+00:00","dateModified":"2026-02-16T17:17:47+00:00","breadcrumb":{"@id":"https:\/\/omvarldsbevakningsportalen.regionkronoberg.se\/medarbetarpaket\/#breadcrumb"},"inLanguage":"sv-SE","potentialAction":[{"@type":"ReadAction","target":["https:\/\/omvarldsbevakningsportalen.regionkronoberg.se\/medarbetarpaket\/"]}]},{"@type":"BreadcrumbList","@id":"https:\/\/omvarldsbevakningsportalen.regionkronoberg.se\/medarbetarpaket\/#breadcrumb","itemListElement":[{"@type":"ListItem","position":1,"name":"Hem","item":"https:\/\/omvarldsbevakningsportalen.regionkronoberg.se\/medarbetarpaket\/"},{"@type":"ListItem","position":2,"name":"Medarbetarpaket"}]},{"@type":"WebSite","@id":"https:\/\/omvarldsbevakningsportalen.regionkronoberg.se\/medarbetarpaket\/#website","url":"https:\/\/omvarldsbevakningsportalen.regionkronoberg.se\/medarbetarpaket\/","name":"","description":"","potentialAction":[{"@type":"SearchAction","target":{"@type":"EntryPoint","urlTemplate":"https:\/\/omvarldsbevakningsportalen.regionkronoberg.se\/medarbetarpaket\/?s={search_term_string}"},"query-input":{"@type":"PropertyValueSpecification","valueRequired":true,"valueName":"search_term_string"}}],"inLanguage":"sv-SE"}]}},"_links":{"self":[{"href":"https:\/\/omvarldsbevakningsportalen.regionkronoberg.se\/medarbetarpaket\/wp-json\/wp\/v2\/pages\/25","targetHints":{"allow":["GET"]}}],"collection":[{"href":"https:\/\/omvarldsbevakningsportalen.regionkronoberg.se\/medarbetarpaket\/wp-json\/wp\/v2\/pages"}],"about":[{"href":"https:\/\/omvarldsbevakningsportalen.regionkronoberg.se\/medarbetarpaket\/wp-json\/wp\/v2\/types\/page"}],"author":[{"embeddable":true,"href":"https:\/\/omvarldsbevakningsportalen.regionkronoberg.se\/medarbetarpaket\/wp-json\/wp\/v2\/users\/3"}],"replies":[{"embeddable":true,"href":"https:\/\/omvarldsbevakningsportalen.regionkronoberg.se\/medarbetarpaket\/wp-json\/wp\/v2\/comments?post=25"}],"version-history":[{"count":51,"href":"https:\/\/omvarldsbevakningsportalen.regionkronoberg.se\/medarbetarpaket\/wp-json\/wp\/v2\/pages\/25\/revisions"}],"predecessor-version":[{"id":5369,"href":"https:\/\/omvarldsbevakningsportalen.regionkronoberg.se\/medarbetarpaket\/wp-json\/wp\/v2\/pages\/25\/revisions\/5369"}],"wp:attachment":[{"href":"https:\/\/omvarldsbevakningsportalen.regionkronoberg.se\/medarbetarpaket\/wp-json\/wp\/v2\/media?parent=25"}],"curies":[{"name":"wp","href":"https:\/\/api.w.org\/{rel}","templated":true}]}}